{"id":3157,"date":"2024-09-19T07:12:59","date_gmt":"2024-09-19T07:12:59","guid":{"rendered":"https:\/\/wascovilla.pl\/koszyk\/"},"modified":"2024-09-19T07:12:59","modified_gmt":"2024-09-19T07:12:59","slug":"%d0%ba%d0%be%d1%88%d0%b8%d0%ba","status":"publish","type":"page","link":"https:\/\/wascovilla.pl\/uk\/%d0%ba%d0%be%d1%88%d0%b8%d0%ba\/","title":{"rendered":"\u041a\u043e\u0448\u0438\u043a"},"content":{"rendered":"<div data-block-name=\"woocommerce\/cart\" class=\"wp-block-woocommerce-cart alignwide is-loading\">\n<div data-block-name=\"woocommerce\/filled-cart-block\" class=\"wp-block-woocommerce-filled-cart-block\">\n<div data-block-name=\"woocommerce\/cart-items-block\" class=\"wp-block-woocommerce-cart-items-block\">\n<div data-block-name=\"woocommerce\/cart-line-items-block\" class=\"wp-block-woocommerce-cart-line-items-block\"><\/div>\n\n\n\n<div data-block-name=\"woocommerce\/cart-cross-sells-block\" class=\"wp-block-woocommerce-cart-cross-sells-block\">\n<h2 class=\"wp-block-heading has-large-font-size\">\u0414\u0438\u0432\u0456\u0442\u044c\u0441\u044f \u0456\u043d\u0448\u0456 \u043d\u0435 \u043c\u0435\u043d\u0448 \u0446\u0456\u043a\u0430\u0432\u0456...<\/h2>\n\n\n\n<div data-block-name=\"woocommerce\/cart-cross-sells-products-block\" class=\"wp-block-woocommerce-cart-cross-sells-products-block\"><\/div>\n<\/div>\n<\/div>\n\n\n\n<div data-block-name=\"woocommerce\/cart-totals-block\" class=\"wp-block-woocommerce-cart-totals-block\">\n<div data-block-name=\"woocommerce\/cart-order-summary-block\" class=\"wp-block-woocommerce-cart-order-summary-block\">\n<div data-block-name=\"woocommerce\/cart-order-summary-heading-block\" class=\"wp-block-woocommerce-cart-order-summary-heading-block\"><\/div><div data-block-name=\"woocommerce\/cart-order-summary-coupon-form-block\" class=\"wp-block-woocommerce-cart-order-summary-coupon-form-block\"><\/div><div data-block-name=\"woocommerce\/cart-order-summary-totals-block\" class=\"wp-block-woocommerce-cart-order-summary-totals-block\">\n<div data-block-name=\"woocommerce\/cart-order-summary-subtotal-block\" class=\"wp-block-woocommerce-cart-order-summary-subtotal-block\"><\/div>\n<div data-block-name=\"woocommerce\/cart-order-summary-discount-block\" class=\"wp-block-woocommerce-cart-order-summary-discount-block\"><\/div>\n<div data-block-name=\"woocommerce\/cart-order-summary-fee-block\" class=\"wp-block-woocommerce-cart-order-summary-fee-block\"><\/div>\n<div data-block-name=\"woocommerce\/cart-order-summary-shipping-block\" class=\"wp-block-woocommerce-cart-order-summary-shipping-block\"><\/div>\n<div data-block-name=\"woocommerce\/cart-order-summary-taxes-block\" class=\"wp-block-woocommerce-cart-order-summary-taxes-block\"><\/div><\/div>\n<\/div>\n\n\n\n<div data-block-name=\"woocommerce\/cart-express-payment-block\" class=\"wp-block-woocommerce-cart-express-payment-block\"><\/div>\n\n\n\n<div data-block-name=\"woocommerce\/proceed-to-checkout-block\" class=\"wp-block-woocommerce-proceed-to-checkout-block\"><\/div>\n\n\n\n<div data-block-name=\"woocommerce\/cart-accepted-payment-methods-block\" class=\"wp-block-woocommerce-cart-accepted-payment-methods-block\"><\/div>\n<\/div>\n<\/div>\n\n\n\n<div data-block-name=\"woocommerce\/empty-cart-block\" class=\"wp-block-woocommerce-empty-cart-block\">\n<h2 class=\"wp-block-heading has-text-align-center with-empty-cart-icon wc-block-cart__empty-cart__title\">\u041d\u0430\u0440\u0430\u0437\u0456 \u0432\u0430\u0448 \u043a\u043e\u0448\u0438\u043a \u043f\u043e\u0440\u043e\u0436\u043d\u0456\u0439!<\/h2>\n\n\n\n<hr class=\"wp-block-separator has-alpha-channel-opacity is-style-dots\"\/>\n\n\n\n<h2 class=\"wp-block-heading has-text-align-center\">\u041d\u043e\u0432\u0438\u043d\u043a\u0438 \u0432 \u043c\u0430\u0433\u0430\u0437\u0438\u043d\u0456<\/h2>\n\n\n<\/div>\n<\/div>","protected":false},"excerpt":{"rendered":"","protected":false},"author":1,"featured_media":0,"parent":0,"menu_order":0,"comment_status":"closed","ping_status":"closed","template":"","meta":{"_acf_changed":false,"footnotes":""},"class_list":["post-3157","page","type-page","status-publish","hentry"],"acf":[],"yoast_head":"<!-- This site is optimized with the Yoast SEO plugin v26.7 - https:\/\/yoast.com\/wordpress\/plugins\/seo\/ -->\n<title>Koszyk - WascoVilla | Producent dom\u00f3w z drewna | Domy mieszkalne, nowoczesne, modu\u0142owe, domki letniskowe, wi\u0105zary dachowe, izolacje<\/title>\n<meta name=\"robots\" content=\"index, follow, max-snippet:-1, max-image-preview:large, max-video-preview:-1\" \/>\n<link rel=\"canonical\" href=\"https:\/\/wascovilla.pl\/uk\/\u043a\u043e\u0448\u0438\u043a\/\" \/>\n<meta property=\"og:locale\" content=\"uk_UA\" \/>\n<meta property=\"og:type\" content=\"article\" \/>\n<meta property=\"og:title\" content=\"Koszyk - WascoVilla | Producent dom\u00f3w z drewna | Domy mieszkalne, nowoczesne, modu\u0142owe, domki letniskowe, wi\u0105zary dachowe, izolacje\" \/>\n<meta property=\"og:url\" content=\"https:\/\/wascovilla.pl\/uk\/\u043a\u043e\u0448\u0438\u043a\/\" \/>\n<meta property=\"og:site_name\" content=\"WascoVilla | Producent dom\u00f3w z drewna | Domy mieszkalne, nowoczesne, modu\u0142owe, domki letniskowe, wi\u0105zary dachowe, izolacje\" \/>\n<meta name=\"twitter:card\" content=\"summary_large_image\" \/>\n<script type=\"application\/ld+json\" class=\"yoast-schema-graph\">{\"@context\":\"https:\/\/schema.org\",\"@graph\":[{\"@type\":\"WebPage\",\"@id\":\"https:\/\/wascovilla.pl\/koszyk\/\",\"url\":\"https:\/\/wascovilla.pl\/koszyk\/\",\"name\":\"Koszyk - WascoVilla | Producent dom\u00f3w z drewna | Domy mieszkalne, nowoczesne, modu\u0142owe, domki letniskowe, wi\u0105zary dachowe, izolacje\",\"isPartOf\":{\"@id\":\"https:\/\/wascovilla.pl\/#website\"},\"datePublished\":\"2024-09-19T07:12:59+00:00\",\"breadcrumb\":{\"@id\":\"https:\/\/wascovilla.pl\/koszyk\/#breadcrumb\"},\"inLanguage\":\"uk\",\"potentialAction\":[{\"@type\":\"ReadAction\",\"target\":[\"https:\/\/wascovilla.pl\/koszyk\/\"]}]},{\"@type\":\"BreadcrumbList\",\"@id\":\"https:\/\/wascovilla.pl\/koszyk\/#breadcrumb\",\"itemListElement\":[{\"@type\":\"ListItem\",\"position\":1,\"name\":\"Strona g\u0142\u00f3wna\",\"item\":\"https:\/\/wascovilla.pl\/\"},{\"@type\":\"ListItem\",\"position\":2,\"name\":\"Koszyk\"}]},{\"@type\":\"WebSite\",\"@id\":\"https:\/\/wascovilla.pl\/#website\",\"url\":\"https:\/\/wascovilla.pl\/\",\"name\":\"WascoVilla | Producent dom\u00f3w z drewna | Domy mieszkalne, nowoczesne, modu\u0142owe, domki letniskowe, wi\u0105zary dachowe, izolacje\",\"description\":\"\",\"publisher\":{\"@id\":\"https:\/\/wascovilla.pl\/#organization\"},\"potentialAction\":[{\"@type\":\"SearchAction\",\"target\":{\"@type\":\"EntryPoint\",\"urlTemplate\":\"https:\/\/wascovilla.pl\/?s={search_term_string}\"},\"query-input\":{\"@type\":\"PropertyValueSpecification\",\"valueRequired\":true,\"valueName\":\"search_term_string\"}}],\"inLanguage\":\"uk\"},{\"@type\":\"Organization\",\"@id\":\"https:\/\/wascovilla.pl\/#organization\",\"name\":\"WascoVilla | Producent dom\u00f3w z drewna | Domy mieszkalne, nowoczesne, modu\u0142owe, domki letniskowe, wi\u0105zary dachowe, izolacje\",\"url\":\"https:\/\/wascovilla.pl\/\",\"logo\":{\"@type\":\"ImageObject\",\"inLanguage\":\"uk\",\"@id\":\"https:\/\/wascovilla.pl\/#\/schema\/logo\/image\/\",\"url\":\"https:\/\/wascovilla.pl\/wp-content\/uploads\/2024\/06\/logo.jpg\",\"contentUrl\":\"https:\/\/wascovilla.pl\/wp-content\/uploads\/2024\/06\/logo.jpg\",\"width\":282,\"height\":119,\"caption\":\"WascoVilla | Producent dom\u00f3w z drewna | Domy mieszkalne, nowoczesne, modu\u0142owe, domki letniskowe, wi\u0105zary dachowe, izolacje\"},\"image\":{\"@id\":\"https:\/\/wascovilla.pl\/#\/schema\/logo\/image\/\"}}]}<\/script>\n<!-- \/ Yoast SEO plugin. -->","yoast_head_json":{"title":"\u041a\u043e\u0448\u0438\u043a - WascoVilla | \u0412\u0438\u0440\u043e\u0431\u043d\u0438\u043a \u0434\u0435\u0440\u0435\u0432'\u044f\u043d\u0438\u0445 \u0431\u0443\u0434\u0438\u043d\u043a\u0456\u0432 | \u0416\u0438\u0442\u043b\u043e\u0432\u0456, \u0441\u0443\u0447\u0430\u0441\u043d\u0456, \u043c\u043e\u0434\u0443\u043b\u044c\u043d\u0456, \u0431\u0443\u043d\u0433\u0430\u043b\u043e, \u043a\u0440\u043e\u043a\u0432\u044f\u043d\u0456 \u0444\u0435\u0440\u043c\u0438, \u0443\u0442\u0435\u043f\u043b\u0435\u043d\u043d\u044f","robots":{"index":"index","follow":"follow","max-snippet":"max-snippet:-1","max-image-preview":"max-image-preview:large","max-video-preview":"max-video-preview:-1"},"canonical":"https:\/\/wascovilla.pl\/uk\/\u043a\u043e\u0448\u0438\u043a\/","og_locale":"uk_UA","og_type":"article","og_title":"Koszyk - WascoVilla | Producent dom\u00f3w z drewna | Domy mieszkalne, nowoczesne, modu\u0142owe, domki letniskowe, wi\u0105zary dachowe, izolacje","og_url":"https:\/\/wascovilla.pl\/uk\/\u043a\u043e\u0448\u0438\u043a\/","og_site_name":"WascoVilla | Producent dom\u00f3w z drewna | Domy mieszkalne, nowoczesne, modu\u0142owe, domki letniskowe, wi\u0105zary dachowe, izolacje","twitter_card":"summary_large_image","schema":{"@context":"https:\/\/schema.org","@graph":[{"@type":"WebPage","@id":"https:\/\/wascovilla.pl\/koszyk\/","url":"https:\/\/wascovilla.pl\/koszyk\/","name":"\u041a\u043e\u0448\u0438\u043a - WascoVilla | \u0412\u0438\u0440\u043e\u0431\u043d\u0438\u043a \u0434\u0435\u0440\u0435\u0432'\u044f\u043d\u0438\u0445 \u0431\u0443\u0434\u0438\u043d\u043a\u0456\u0432 | \u0416\u0438\u0442\u043b\u043e\u0432\u0456, \u0441\u0443\u0447\u0430\u0441\u043d\u0456, \u043c\u043e\u0434\u0443\u043b\u044c\u043d\u0456, \u0431\u0443\u043d\u0433\u0430\u043b\u043e, \u043a\u0440\u043e\u043a\u0432\u044f\u043d\u0456 \u0444\u0435\u0440\u043c\u0438, \u0443\u0442\u0435\u043f\u043b\u0435\u043d\u043d\u044f","isPartOf":{"@id":"https:\/\/wascovilla.pl\/#website"},"datePublished":"2024-09-19T07:12:59+00:00","breadcrumb":{"@id":"https:\/\/wascovilla.pl\/koszyk\/#breadcrumb"},"inLanguage":"uk","potentialAction":[{"@type":"ReadAction","target":["https:\/\/wascovilla.pl\/koszyk\/"]}]},{"@type":"BreadcrumbList","@id":"https:\/\/wascovilla.pl\/koszyk\/#breadcrumb","itemListElement":[{"@type":"ListItem","position":1,"name":"Strona g\u0142\u00f3wna","item":"https:\/\/wascovilla.pl\/"},{"@type":"ListItem","position":2,"name":"Koszyk"}]},{"@type":"WebSite","@id":"https:\/\/wascovilla.pl\/#website","url":"https:\/\/wascovilla.pl\/","name":"WascoVilla | \u0412\u0438\u0440\u043e\u0431\u043d\u0438\u043a \u0434\u0435\u0440\u0435\u0432'\u044f\u043d\u0438\u0445 \u0431\u0443\u0434\u0438\u043d\u043a\u0456\u0432 | \u0416\u0438\u0442\u043b\u043e\u0432\u0456, \u0441\u0443\u0447\u0430\u0441\u043d\u0456, \u043c\u043e\u0434\u0443\u043b\u044c\u043d\u0456, \u0434\u0430\u0447\u043d\u0456 \u0431\u0443\u0434\u0438\u043d\u043a\u0438, \u043a\u0440\u043e\u043a\u0432\u044f\u043d\u0456 \u0444\u0435\u0440\u043c\u0438, \u0443\u0442\u0435\u043f\u043b\u0435\u043d\u043d\u044f","description":"","publisher":{"@id":"https:\/\/wascovilla.pl\/#organization"},"potentialAction":[{"@type":"SearchAction","target":{"@type":"EntryPoint","urlTemplate":"https:\/\/wascovilla.pl\/?s={search_term_string}"},"query-input":{"@type":"PropertyValueSpecification","valueRequired":true,"valueName":"search_term_string"}}],"inLanguage":"uk"},{"@type":"Organization","@id":"https:\/\/wascovilla.pl\/#organization","name":"WascoVilla | \u0412\u0438\u0440\u043e\u0431\u043d\u0438\u043a \u0434\u0435\u0440\u0435\u0432'\u044f\u043d\u0438\u0445 \u0431\u0443\u0434\u0438\u043d\u043a\u0456\u0432 | \u0416\u0438\u0442\u043b\u043e\u0432\u0456, \u0441\u0443\u0447\u0430\u0441\u043d\u0456, \u043c\u043e\u0434\u0443\u043b\u044c\u043d\u0456, \u0434\u0430\u0447\u043d\u0456 \u0431\u0443\u0434\u0438\u043d\u043a\u0438, \u043a\u0440\u043e\u043a\u0432\u044f\u043d\u0456 \u0444\u0435\u0440\u043c\u0438, \u0443\u0442\u0435\u043f\u043b\u0435\u043d\u043d\u044f","url":"https:\/\/wascovilla.pl\/","logo":{"@type":"ImageObject","inLanguage":"uk","@id":"https:\/\/wascovilla.pl\/#\/schema\/logo\/image\/","url":"https:\/\/wascovilla.pl\/wp-content\/uploads\/2024\/06\/logo.jpg","contentUrl":"https:\/\/wascovilla.pl\/wp-content\/uploads\/2024\/06\/logo.jpg","width":282,"height":119,"caption":"WascoVilla | Producent dom\u00f3w z drewna | Domy mieszkalne, nowoczesne, modu\u0142owe, domki letniskowe, wi\u0105zary dachowe, izolacje"},"image":{"@id":"https:\/\/wascovilla.pl\/#\/schema\/logo\/image\/"}}]}},"_links":{"self":[{"href":"https:\/\/wascovilla.pl\/uk\/wp-json\/wp\/v2\/pages\/3157","targetHints":{"allow":["GET"]}}],"collection":[{"href":"https:\/\/wascovilla.pl\/uk\/wp-json\/wp\/v2\/pages"}],"about":[{"href":"https:\/\/wascovilla.pl\/uk\/wp-json\/wp\/v2\/types\/page"}],"author":[{"embeddable":true,"href":"https:\/\/wascovilla.pl\/uk\/wp-json\/wp\/v2\/users\/1"}],"replies":[{"embeddable":true,"href":"https:\/\/wascovilla.pl\/uk\/wp-json\/wp\/v2\/comments?post=3157"}],"version-history":[{"count":0,"href":"https:\/\/wascovilla.pl\/uk\/wp-json\/wp\/v2\/pages\/3157\/revisions"}],"wp:attachment":[{"href":"https:\/\/wascovilla.pl\/uk\/wp-json\/wp\/v2\/media?parent=3157"}],"curies":[{"name":"wp","href":"https:\/\/api.w.org\/{rel}","templated":true}]}}