{"id":5521,"date":"2026-04-15T11:34:37","date_gmt":"2026-04-15T11:34:37","guid":{"rendered":"https:\/\/wascovilla.pl\/?page_id=5521"},"modified":"2026-04-15T14:20:05","modified_gmt":"2026-04-15T14:20:05","slug":"tage-der-offenen-tur-in-der-wascovilla","status":"publish","type":"page","link":"https:\/\/wascovilla.pl\/de\/tage-der-offenen-tur-in-der-wascovilla\/","title":{"rendered":"Tage der offenen T\u00fcr | Pr\u0105docin Fertighaus | 25-26 April"},"content":{"rendered":"<div data-elementor-type=\"wp-page\" data-elementor-id=\"5521\" class=\"elementor elementor-5521\" data-elementor-post-type=\"page\">\n\t\t\t\t<div class=\"elementor-element elementor-element-44989f0 e-flex e-con-boxed e-con e-parent\" data-id=\"44989f0\" data-element_type=\"container\" data-settings=\"{&quot;jet_parallax_layout_list&quot;:[]}\">\n\t\t\t\t\t<div class=\"e-con-inner\">\n\t\t\t\t<div class=\"elementor-element elementor-element-03fcbfd elementor-widget elementor-widget-image\" data-id=\"03fcbfd\" data-element_type=\"widget\" data-widget_type=\"image.default\">\n\t\t\t\t<div class=\"elementor-widget-container\">\n\t\t\t\t\t\t\t\t\t\t\t\t\t\t\t<img fetchpriority=\"high\" decoding=\"async\" width=\"1024\" height=\"390\" src=\"https:\/\/wascovilla.pl\/wp-content\/uploads\/2026\/04\/Cover-na-fanpage-1024x390.png\" class=\"attachment-large size-large wp-image-5525\" alt=\"Haus in der N\u00e4he von Bydgoszcz Tage der offenen T\u00fcr\" srcset=\"https:\/\/wascovilla.pl\/wp-content\/uploads\/2026\/04\/Cover-na-fanpage-1024x390.png 1024w, https:\/\/wascovilla.pl\/wp-content\/uploads\/2026\/04\/Cover-na-fanpage-300x114.png 300w, https:\/\/wascovilla.pl\/wp-content\/uploads\/2026\/04\/Cover-na-fanpage-768x292.png 768w, https:\/\/wascovilla.pl\/wp-content\/uploads\/2026\/04\/Cover-na-fanpage-1536x584.png 1536w, https:\/\/wascovilla.pl\/wp-content\/uploads\/2026\/04\/Cover-na-fanpage-18x7.png 18w, https:\/\/wascovilla.pl\/wp-content\/uploads\/2026\/04\/Cover-na-fanpage-600x228.png 600w, https:\/\/wascovilla.pl\/wp-content\/uploads\/2026\/04\/Cover-na-fanpage.png 1640w\" sizes=\"(max-width: 1024px) 100vw, 1024px\" \/>\t\t\t\t\t\t\t\t\t\t\t\t\t\t\t<\/div>\n\t\t\t\t<\/div>\n\t\t\t\t\t<\/div>\n\t\t\t\t<\/div>\n\t\t<div class=\"elementor-element elementor-element-513276e e-flex e-con-boxed e-con e-parent\" data-id=\"513276e\" data-element_type=\"container\" data-settings=\"{&quot;jet_parallax_layout_list&quot;:[]}\">\n\t\t\t\t\t<div class=\"e-con-inner\">\n\t\t<div class=\"elementor-element elementor-element-e249d03 e-con-full e-flex e-con e-child\" data-id=\"e249d03\" data-element_type=\"container\" data-settings=\"{&quot;jet_parallax_layout_list&quot;:[]}\">\n\t\t\t\t<div class=\"elementor-element elementor-element-081a7c5 elementor-widget elementor-widget-text-editor\" data-id=\"081a7c5\" data-element_type=\"widget\" data-widget_type=\"text-editor.default\">\n\t\t\t\t<div class=\"elementor-widget-container\">\n\t\t\t\t\t\t\t\t\t<h3 data-start=\"79\" data-end=\"168\"><strong>\ud83c\udfe0 Tage der offenen T\u00fcr mit WASCOVILLA - \u00dcberzeugen Sie sich selbst vom Fertighaus!<\/strong><\/h3><p>\ud83d\udccd<a href=\"https:\/\/maps.app.goo.gl\/kf4bvQXTGfmnyKd6A\">Kastanienstra\u00dfe 1, Pr\u0105docin bei Bydgoszcz (Woiwodschaft Kujawsko-Pomorskie)<\/a><br \/>\ud83d\uddd325-26 April 2026 (Samstag-Sonntag)<br \/>\ud83d\udd59 \u00d6ffnungszeiten: 10:00-16:00<\/p><p>Wir laden Sie herzlich ein zur vierten Auflage der diesj\u00e4hrigen Tage der offenen T\u00fcr im Dorf <strong>Pr\u0105docin bei Bydgoszcz<\/strong>!<\/p><p>Besuchen Sie <strong>110 m\u00b2 eingeschossiges Haus in Holzrahmenbauweise<\/strong> in Holzrahmenbauweise, gebaut in Fertigteiltechnik.<\/p><p>Das vorgestellte Haus wurde auf der Grundlage des Au\u00dfenprojekts MIDAS erstellt, wodurch es zu einem individuellen Projekt mit einer gut durchdachten funktionalen Aufteilung wurde. Das Geb\u00e4ude mit Schr\u00e4gdach bietet ein ger\u00e4umiges Wohnzimmer mit einer Fl\u00e4che von \u00fcber 32 m\u00b2, kombiniert mit einem Esszimmer und einer funktionalen K\u00fcche mit Speisekammer. Der Nachtbereich besteht aus drei komfortablen Schlafzimmern, einem Badezimmer und einer zus\u00e4tzlichen Toilette, die durch einen praktischen Technikraum mit separatem Eingang und einem Vorraum erg\u00e4nzt werden. Das Wohnzimmer bietet Platz f\u00fcr eine Ziege, die dem Interieur eine gem\u00fctliche Note verleiht.<\/p><p>Ein gro\u00dfer Pluspunkt ist die Terrasse, die als Einbuchtung im Geb\u00e4udek\u00f6rper mit einer \u00dcberdachung angelegt ist und bei jedem Wetter Privatsph\u00e4re und Komfort zum Entspannen bietet.<\/p><p>\ud83d\udca5 <strong>Nur w\u00e4hrend der Veranstaltung: ein einmaliges Sonderangebot f\u00fcr Bauinteressierte mit WASCOVILLA!<\/strong><\/p><p data-start=\"170\" data-end=\"434\"><strong>\ud83d\udd0d W\u00e4hrend der Tage der offenen T\u00fcr wird es m\u00f6glich sein:<\/strong><\/p><p data-start=\"170\" data-end=\"434\">\ud83d\udd39 das Haus \u201elive\u201d sehen und die Qualit\u00e4t der Ausf\u00fchrung beurteilen,<br \/>\ud83d\udd39 sprechen Sie mit Experten \u00fcber Rahmentechnologie und Vorfertigung,<br \/>\ud83d\udd39 Informationen \u00fcber Baukosten und Vorlaufzeiten einholen,<br \/>\ud83d\udd39 Konsultieren Sie Ihren eigenen Entwurf oder Ihre Idee f\u00fcr Ihr Traumhaus.<\/p><p data-start=\"170\" data-end=\"434\">Dies ist eine ideale Gelegenheit, um Zweifel auszur\u00e4umen und zu sehen, wie modernes, energieeffizientes Bauen in der Praxis aussieht.<\/p>\t\t\t\t\t\t\t\t<\/div>\n\t\t\t\t<\/div>\n\t\t\t\t<div class=\"elementor-element elementor-element-1a1086c elementor-widget elementor-widget-text-editor\" data-id=\"1a1086c\" data-element_type=\"widget\" data-widget_type=\"text-editor.default\">\n\t\t\t\t<div class=\"elementor-widget-container\">\n\t\t\t\t\t\t\t\t\t<p>\ud83d\udccb HAUSBESCHREIBUNG - <b>110 m\u00b2<\/b><\/p><p>\ud83c\udfe1 Geb\u00e4udetyp: <strong>Eingeschossiges Einfamilienhaus in Fertighausbauweise<\/strong><\/p><p>\ud83d\udcd0 Nutzbare Bodenfl\u00e4che: 110 m\u00b2<\/p><p>Raumaufteilung:<\/p><ul><li>Wohnzimmer mit K\u00fcche - 41 m\u00b2<\/li><li>Speisekammer - 2,51 m\u00b2<\/li><li>Hauptschlafzimmer - 13,66 m\u00b2<\/li><li>2-Schlafzimmer - 12.51 m\u00b2<\/li><li>3. Schlafzimmer - 10,61 m\u00b2<\/li><li>Badezimmer - 5,88 m\u00b2<\/li><li>Technikraum - 5,24 m\u00b2<\/li><li>Separates WC - 2,51 m\u00b2<\/li><li>Windschutz - 4,12 m\u00b2<\/li><li>Korridor - 12 m\u00b2<\/li><\/ul>\t\t\t\t\t\t\t\t<\/div>\n\t\t\t\t<\/div>\n\t\t\t\t<\/div>\n\t\t<div class=\"elementor-element elementor-element-18f1329 e-con-full e-flex e-con e-child\" data-id=\"18f1329\" data-element_type=\"container\" data-settings=\"{&quot;jet_parallax_layout_list&quot;:[]}\">\n\t\t\t\t<div class=\"elementor-element elementor-element-614962b elementor-widget elementor-widget-text-editor\" data-id=\"614962b\" data-element_type=\"widget\" data-widget_type=\"text-editor.default\">\n\t\t\t\t<div class=\"elementor-widget-container\">\n\t\t\t\t\t\t\t\t\t<p><strong>Technologie und Materialien:<\/strong><br \/>- Bau von vorgefertigten Modulen, die vor Ort zusammengebaut werden<br \/>- Zellgetrocknetes Bauholz C24<br \/>- Isolierung aus Zellulosewolle<br \/>- Fundamentplatte mit Polystyrol EPS 200 HYDRO<br \/>- VEKA Softline 76 Fenster mit Dreifachverglasung<br \/>- Au\u00dfent\u00fcren Wik\u0119d Optimum Termo<br \/>- Zement-Dachziegel<br \/>- Rekuperation und Fu\u00dfbodenheizung<\/p><p><strong>\ud83d\udccc Ort der Veranstaltung:<\/strong><br \/>Kastanienstra\u00dfe 1, Pr\u0105docin bei Bydgoszcz (Woiwodschaft Kujawsko-Pomorskie)<br \/>\ud83d\udccd <a href=\"https:\/\/maps.app.goo.gl\/kf4bvQXTGfmnyKd6A\">Klicken Sie zum \u00d6ffnen des Pins<\/a><\/p><p><strong>Haben Sie noch Fragen? Nehmen Sie Kontakt mit uns auf!<\/strong><br \/><strong>\ud83d\udcde Iza: <a href=\"tel:+48780780874\">780 780 874<\/a><\/strong><br \/><strong>\ud83d\udcde Radek: <a href=\"tel:+48780780873\">780 780 873<\/a><\/strong><\/p>\t\t\t\t\t\t\t\t<\/div>\n\t\t\t\t<\/div>\n\t\t\t\t<div class=\"elementor-element elementor-element-597d0b8 elementor-hidden-mobile elementor-widget elementor-widget-html\" data-id=\"597d0b8\" data-element_type=\"widget\" data-widget_type=\"html.default\">\n\t\t\t\t<div class=\"elementor-widget-container\">\n\t\t\t\t\t<iframe src=\"https:\/\/www.google.com\/maps\/embed?pb=!1m14!1m8!1m3!1d4403.195844963423!2d18.06737838076814!3d53.00491045569606!3m2!1i1024!2i768!4f13.1!3m3!1m2!1s0x47036a6245f087b3%3A0x3648712655a4835f!2sKasztanowa%201%2C%2086-060%20Pr%C4%85docin!5e0!3m2!1spl!2spl!4v1776252860911!5m2!1spl!2spl\" width=\"600\" height=\"450\" style=\"border:0;\" allowfullscreen=\"\" loading=\"lazy\" referrerpolicy=\"no-referrer-when-downgrade\"><\/iframe>\t\t\t\t<\/div>\n\t\t\t\t<\/div>\n\t\t\t\t<\/div>\n\t\t\t\t\t<\/div>\n\t\t\t\t<\/div>\n\t\t<div class=\"elementor-element elementor-element-2ff13af e-flex e-con-boxed e-con e-parent\" data-id=\"2ff13af\" data-element_type=\"container\" data-settings=\"{&quot;jet_parallax_layout_list&quot;:[]}\">\n\t\t\t\t\t<div class=\"e-con-inner\">\n\t\t\t\t\t<\/div>\n\t\t\t\t<\/div>\n\t\t<div class=\"elementor-element elementor-element-e7ac0b0 e-flex e-con-boxed e-con e-parent\" data-id=\"e7ac0b0\" data-element_type=\"container\" data-settings=\"{&quot;jet_parallax_layout_list&quot;:[]}\">\n\t\t\t\t\t<div class=\"e-con-inner\">\n\t\t\t\t<div class=\"elementor-element elementor-element-ec9fee4 elementor-widget elementor-widget-html\" data-id=\"ec9fee4\" data-element_type=\"widget\" data-widget_type=\"html.default\">\n\t\t\t\t<div class=\"elementor-widget-container\">\n\t\t\t\t\t<getresponse-form form-id=\"034ff215-8377-40fa-b65a-7b0ec8576131\" e=\"0\"><\/getresponse-form>\t\t\t\t<\/div>\n\t\t\t\t<\/div>\n\t\t\t\t<div class=\"elementor-element elementor-element-e12fb4c elementor-widget elementor-widget-menu-anchor\" data-id=\"e12fb4c\" data-element_type=\"widget\" data-widget_type=\"menu-anchor.default\">\n\t\t\t\t<div class=\"elementor-widget-container\">\n\t\t\t\t\t\t\t<div class=\"elementor-menu-anchor\" id=\"zapisy-pradocin\"><\/div>\n\t\t\t\t\t\t<\/div>\n\t\t\t\t<\/div>\n\t\t\t\t\t<\/div>\n\t\t\t\t<\/div>\n\t\t\t\t<\/div>","protected":false},"excerpt":{"rendered":"<p>\ud83c\udfe0 Tage der offenen T\u00fcr mit WASCOVILLA - \u00dcberzeugen Sie sich selbst vom Fertighaus in Rahmenbauweise! \ud83d\udccdul. Kasztanowa 1, Pr\u0105docin bei Bydgoszcz (Woiwodschaft Kujawien-Pommern)\ud83d\uddd325-26 April 2026 (Samstag-Sonntag)\ud83d\udd59 \u00d6ffnungszeiten: 10:00-16:00 Uhr Wir laden Sie herzlich zur diesj\u00e4hrigen 4. Auflage der Tage der offenen T\u00fcr in Pr\u0105docin bei Bydgoszcz ein! Besichtigen Sie ein 110 m\u00b2 gro\u00dfes, einst\u00f6ckiges Fachwerkhaus, das in Fertigbauweise errichtet wurde. Das Haus pr\u00e4sentiert [...]<\/p>","protected":false},"author":5,"featured_media":0,"parent":0,"menu_order":0,"comment_status":"closed","ping_status":"closed","template":"","meta":{"_acf_changed":false,"footnotes":""},"class_list":["post-5521","page","type-page","status-publish","hentry"],"acf":[],"yoast_head":"<!-- This site is optimized with the Yoast SEO plugin v26.7 - https:\/\/yoast.com\/wordpress\/plugins\/seo\/ -->\n<title>Dni Otwarte Wascovilla | Dom Prefabrykowany 110 m\u00b2 w Pr\u0105docinie<\/title>\n<meta name=\"description\" content=\"Zobacz na \u017cywo dom prefabrykowany 11o m\u00b2 w Pr\u0105docinie k. Bydgoszczy. Odbierz zaproszenie na Dni Otwarte Wascovilla \u2013 25-26 kwietnia 2026!\" \/>\n<meta name=\"robots\" content=\"index, follow, max-snippet:-1, max-image-preview:large, max-video-preview:-1\" \/>\n<link rel=\"canonical\" href=\"https:\/\/wascovilla.pl\/de\/tage-der-offenen-tur-in-der-wascovilla\/\" \/>\n<meta property=\"og:locale\" content=\"de_DE\" \/>\n<meta property=\"og:type\" content=\"article\" \/>\n<meta property=\"og:title\" content=\"Dni Otwarte Wascovilla | Dom Prefabrykowany 110 m\u00b2 w Pr\u0105docinie\" \/>\n<meta property=\"og:description\" content=\"Zobacz na \u017cywo dom prefabrykowany 11o m\u00b2 w Pr\u0105docinie k. Bydgoszczy. Odbierz zaproszenie na Dni Otwarte Wascovilla \u2013 25-26 kwietnia 2026!\" \/>\n<meta property=\"og:url\" content=\"https:\/\/wascovilla.pl\/de\/tage-der-offenen-tur-in-der-wascovilla\/\" \/>\n<meta property=\"og:site_name\" content=\"WascoVilla | Producent dom\u00f3w z drewna | Domy mieszkalne, nowoczesne, modu\u0142owe, domki letniskowe, wi\u0105zary dachowe, izolacje\" \/>\n<meta property=\"article:modified_time\" content=\"2026-04-15T14:20:05+00:00\" \/>\n<meta property=\"og:image\" content=\"https:\/\/wascovilla.pl\/wp-content\/uploads\/2026\/04\/Cover-na-fanpage.png\" \/>\n\t<meta property=\"og:image:width\" content=\"1640\" \/>\n\t<meta property=\"og:image:height\" content=\"624\" \/>\n\t<meta property=\"og:image:type\" content=\"image\/png\" \/>\n<meta name=\"twitter:card\" content=\"summary_large_image\" \/>\n<meta name=\"twitter:label1\" content=\"Gesch\u00e4tzte Lesezeit\" \/>\n\t<meta name=\"twitter:data1\" content=\"3\u00a0Minuten\" \/>\n<script type=\"application\/ld+json\" class=\"yoast-schema-graph\">{\"@context\":\"https:\/\/schema.org\",\"@graph\":[{\"@type\":\"WebPage\",\"@id\":\"https:\/\/wascovilla.pl\/dni-otwarte-wascovilla\/\",\"url\":\"https:\/\/wascovilla.pl\/dni-otwarte-wascovilla\/\",\"name\":\"Dni Otwarte Wascovilla | Dom Prefabrykowany 110 m\u00b2 w Pr\u0105docinie\",\"isPartOf\":{\"@id\":\"https:\/\/wascovilla.pl\/#website\"},\"primaryImageOfPage\":{\"@id\":\"https:\/\/wascovilla.pl\/dni-otwarte-wascovilla\/#primaryimage\"},\"image\":{\"@id\":\"https:\/\/wascovilla.pl\/dni-otwarte-wascovilla\/#primaryimage\"},\"thumbnailUrl\":\"https:\/\/wascovilla.pl\/wp-content\/uploads\/2026\/04\/Cover-na-fanpage-1024x390.png\",\"datePublished\":\"2026-04-15T11:34:37+00:00\",\"dateModified\":\"2026-04-15T14:20:05+00:00\",\"description\":\"Zobacz na \u017cywo dom prefabrykowany 11o m\u00b2 w Pr\u0105docinie k. Bydgoszczy. Odbierz zaproszenie na Dni Otwarte Wascovilla \u2013 25-26 kwietnia 2026!\",\"breadcrumb\":{\"@id\":\"https:\/\/wascovilla.pl\/dni-otwarte-wascovilla\/#breadcrumb\"},\"inLanguage\":\"de\",\"potentialAction\":[{\"@type\":\"ReadAction\",\"target\":[\"https:\/\/wascovilla.pl\/dni-otwarte-wascovilla\/\"]}]},{\"@type\":\"ImageObject\",\"inLanguage\":\"de\",\"@id\":\"https:\/\/wascovilla.pl\/dni-otwarte-wascovilla\/#primaryimage\",\"url\":\"https:\/\/wascovilla.pl\/wp-content\/uploads\/2026\/04\/Cover-na-fanpage-1024x390.png\",\"contentUrl\":\"https:\/\/wascovilla.pl\/wp-content\/uploads\/2026\/04\/Cover-na-fanpage-1024x390.png\"},{\"@type\":\"BreadcrumbList\",\"@id\":\"https:\/\/wascovilla.pl\/dni-otwarte-wascovilla\/#breadcrumb\",\"itemListElement\":[{\"@type\":\"ListItem\",\"position\":1,\"name\":\"Strona g\u0142\u00f3wna\",\"item\":\"https:\/\/wascovilla.pl\/\"},{\"@type\":\"ListItem\",\"position\":2,\"name\":\"Dni Otwarte | Dom Prefabrykowany Pr\u0105docin | 25-26 kwietnia\"}]},{\"@type\":\"WebSite\",\"@id\":\"https:\/\/wascovilla.pl\/#website\",\"url\":\"https:\/\/wascovilla.pl\/\",\"name\":\"WascoVilla | Producent dom\u00f3w z drewna | Domy mieszkalne, nowoczesne, modu\u0142owe, domki letniskowe, wi\u0105zary dachowe, izolacje\",\"description\":\"\",\"publisher\":{\"@id\":\"https:\/\/wascovilla.pl\/#organization\"},\"potentialAction\":[{\"@type\":\"SearchAction\",\"target\":{\"@type\":\"EntryPoint\",\"urlTemplate\":\"https:\/\/wascovilla.pl\/?s={search_term_string}\"},\"query-input\":{\"@type\":\"PropertyValueSpecification\",\"valueRequired\":true,\"valueName\":\"search_term_string\"}}],\"inLanguage\":\"de\"},{\"@type\":\"Organization\",\"@id\":\"https:\/\/wascovilla.pl\/#organization\",\"name\":\"WascoVilla | Producent dom\u00f3w z drewna | Domy mieszkalne, nowoczesne, modu\u0142owe, domki letniskowe, wi\u0105zary dachowe, izolacje\",\"url\":\"https:\/\/wascovilla.pl\/\",\"logo\":{\"@type\":\"ImageObject\",\"inLanguage\":\"de\",\"@id\":\"https:\/\/wascovilla.pl\/#\/schema\/logo\/image\/\",\"url\":\"https:\/\/wascovilla.pl\/wp-content\/uploads\/2024\/06\/logo.jpg\",\"contentUrl\":\"https:\/\/wascovilla.pl\/wp-content\/uploads\/2024\/06\/logo.jpg\",\"width\":282,\"height\":119,\"caption\":\"WascoVilla | Producent dom\u00f3w z drewna | Domy mieszkalne, nowoczesne, modu\u0142owe, domki letniskowe, wi\u0105zary dachowe, izolacje\"},\"image\":{\"@id\":\"https:\/\/wascovilla.pl\/#\/schema\/logo\/image\/\"}}]}<\/script>\n<!-- \/ Yoast SEO plugin. -->","yoast_head_json":{"title":"Wascovilla Open Days | Fertighaus 110 m\u00b2 in Pr\u0105docin","description":"Erleben Sie das 11o m\u00b2 gro\u00dfe Fertighaus in Pr\u0105docin bei Bydgoszcz live. Holen Sie sich eine Einladung zu den Tagen der offenen T\u00fcr in Wascovilla - 25. und 26. April 2026!","robots":{"index":"index","follow":"follow","max-snippet":"max-snippet:-1","max-image-preview":"max-image-preview:large","max-video-preview":"max-video-preview:-1"},"canonical":"https:\/\/wascovilla.pl\/de\/tage-der-offenen-tur-in-der-wascovilla\/","og_locale":"de_DE","og_type":"article","og_title":"Dni Otwarte Wascovilla | Dom Prefabrykowany 110 m\u00b2 w Pr\u0105docinie","og_description":"Zobacz na \u017cywo dom prefabrykowany 11o m\u00b2 w Pr\u0105docinie k. Bydgoszczy. Odbierz zaproszenie na Dni Otwarte Wascovilla \u2013 25-26 kwietnia 2026!","og_url":"https:\/\/wascovilla.pl\/de\/tage-der-offenen-tur-in-der-wascovilla\/","og_site_name":"WascoVilla | Producent dom\u00f3w z drewna | Domy mieszkalne, nowoczesne, modu\u0142owe, domki letniskowe, wi\u0105zary dachowe, izolacje","article_modified_time":"2026-04-15T14:20:05+00:00","og_image":[{"width":1640,"height":624,"url":"https:\/\/wascovilla.pl\/wp-content\/uploads\/2026\/04\/Cover-na-fanpage.png","type":"image\/png"}],"twitter_card":"summary_large_image","twitter_misc":{"Gesch\u00e4tzte Lesezeit":"3\u00a0Minuten"},"schema":{"@context":"https:\/\/schema.org","@graph":[{"@type":"WebPage","@id":"https:\/\/wascovilla.pl\/dni-otwarte-wascovilla\/","url":"https:\/\/wascovilla.pl\/dni-otwarte-wascovilla\/","name":"Wascovilla Open Days | Fertighaus 110 m\u00b2 in Pr\u0105docin","isPartOf":{"@id":"https:\/\/wascovilla.pl\/#website"},"primaryImageOfPage":{"@id":"https:\/\/wascovilla.pl\/dni-otwarte-wascovilla\/#primaryimage"},"image":{"@id":"https:\/\/wascovilla.pl\/dni-otwarte-wascovilla\/#primaryimage"},"thumbnailUrl":"https:\/\/wascovilla.pl\/wp-content\/uploads\/2026\/04\/Cover-na-fanpage-1024x390.png","datePublished":"2026-04-15T11:34:37+00:00","dateModified":"2026-04-15T14:20:05+00:00","description":"Erleben Sie das 11o m\u00b2 gro\u00dfe Fertighaus in Pr\u0105docin bei Bydgoszcz live. Holen Sie sich eine Einladung zu den Tagen der offenen T\u00fcr in Wascovilla - 25. und 26. April 2026!","breadcrumb":{"@id":"https:\/\/wascovilla.pl\/dni-otwarte-wascovilla\/#breadcrumb"},"inLanguage":"de","potentialAction":[{"@type":"ReadAction","target":["https:\/\/wascovilla.pl\/dni-otwarte-wascovilla\/"]}]},{"@type":"ImageObject","inLanguage":"de","@id":"https:\/\/wascovilla.pl\/dni-otwarte-wascovilla\/#primaryimage","url":"https:\/\/wascovilla.pl\/wp-content\/uploads\/2026\/04\/Cover-na-fanpage-1024x390.png","contentUrl":"https:\/\/wascovilla.pl\/wp-content\/uploads\/2026\/04\/Cover-na-fanpage-1024x390.png"},{"@type":"BreadcrumbList","@id":"https:\/\/wascovilla.pl\/dni-otwarte-wascovilla\/#breadcrumb","itemListElement":[{"@type":"ListItem","position":1,"name":"Strona g\u0142\u00f3wna","item":"https:\/\/wascovilla.pl\/"},{"@type":"ListItem","position":2,"name":"Dni Otwarte | Dom Prefabrykowany Pr\u0105docin | 25-26 kwietnia"}]},{"@type":"WebSite","@id":"https:\/\/wascovilla.pl\/#website","url":"https:\/\/wascovilla.pl\/","name":"WascoVilla | Hersteller von Holzh\u00e4usern | Wohnh\u00e4user, moderne, modulare, Ferienh\u00e4user, Dachst\u00fchle, Isolierung","description":"","publisher":{"@id":"https:\/\/wascovilla.pl\/#organization"},"potentialAction":[{"@type":"SearchAction","target":{"@type":"EntryPoint","urlTemplate":"https:\/\/wascovilla.pl\/?s={search_term_string}"},"query-input":{"@type":"PropertyValueSpecification","valueRequired":true,"valueName":"search_term_string"}}],"inLanguage":"de"},{"@type":"Organization","@id":"https:\/\/wascovilla.pl\/#organization","name":"WascoVilla | Hersteller von Holzh\u00e4usern | Wohnh\u00e4user, moderne, modulare, Ferienh\u00e4user, Dachst\u00fchle, Isolierung","url":"https:\/\/wascovilla.pl\/","logo":{"@type":"ImageObject","inLanguage":"de","@id":"https:\/\/wascovilla.pl\/#\/schema\/logo\/image\/","url":"https:\/\/wascovilla.pl\/wp-content\/uploads\/2024\/06\/logo.jpg","contentUrl":"https:\/\/wascovilla.pl\/wp-content\/uploads\/2024\/06\/logo.jpg","width":282,"height":119,"caption":"WascoVilla | Producent dom\u00f3w z drewna | Domy mieszkalne, nowoczesne, modu\u0142owe, domki letniskowe, wi\u0105zary dachowe, izolacje"},"image":{"@id":"https:\/\/wascovilla.pl\/#\/schema\/logo\/image\/"}}]}},"_links":{"self":[{"href":"https:\/\/wascovilla.pl\/de\/wp-json\/wp\/v2\/pages\/5521","targetHints":{"allow":["GET"]}}],"collection":[{"href":"https:\/\/wascovilla.pl\/de\/wp-json\/wp\/v2\/pages"}],"about":[{"href":"https:\/\/wascovilla.pl\/de\/wp-json\/wp\/v2\/types\/page"}],"author":[{"embeddable":true,"href":"https:\/\/wascovilla.pl\/de\/wp-json\/wp\/v2\/users\/5"}],"replies":[{"embeddable":true,"href":"https:\/\/wascovilla.pl\/de\/wp-json\/wp\/v2\/comments?post=5521"}],"version-history":[{"count":20,"href":"https:\/\/wascovilla.pl\/de\/wp-json\/wp\/v2\/pages\/5521\/revisions"}],"predecessor-version":[{"id":5546,"href":"https:\/\/wascovilla.pl\/de\/wp-json\/wp\/v2\/pages\/5521\/revisions\/5546"}],"wp:attachment":[{"href":"https:\/\/wascovilla.pl\/de\/wp-json\/wp\/v2\/media?parent=5521"}],"curies":[{"name":"wp","href":"https:\/\/api.w.org\/{rel}","templated":true}]}}