{"id":4128,"date":"2025-03-16T10:04:59","date_gmt":"2025-03-16T10:04:59","guid":{"rendered":"https:\/\/wascovilla.pl\/?page_id=4128"},"modified":"2025-04-01T07:26:27","modified_gmt":"2025-04-01T07:26:27","slug":"prasentationshaus","status":"publish","type":"page","link":"https:\/\/wascovilla.pl\/de\/prasentationshaus\/","title":{"rendered":"Pr\u00e4sentation Haus"},"content":{"rendered":"<div data-elementor-type=\"wp-page\" data-elementor-id=\"4128\" class=\"elementor elementor-4128\" data-elementor-post-type=\"page\">\n\t\t\t\t<div class=\"elementor-element elementor-element-410b311 e-flex e-con-boxed e-con e-parent\" data-id=\"410b311\" data-element_type=\"container\" data-settings=\"{&quot;jet_parallax_layout_list&quot;:[]}\">\n\t\t\t\t\t<div class=\"e-con-inner\">\n\t\t\t\t<div class=\"elementor-element elementor-element-dc598e4 elementor-widget elementor-widget-heading\" data-id=\"dc598e4\" data-element_type=\"widget\" data-widget_type=\"heading.default\">\n\t\t\t\t<div class=\"elementor-widget-container\">\n\t\t\t\t\t<h2 class=\"elementor-heading-title elementor-size-default\">ZUKUNFTSTECHNOLOGIE<\/h2>\t\t\t\t<\/div>\n\t\t\t\t<\/div>\n\t\t\t\t\t<\/div>\n\t\t\t\t<\/div>\n\t\t<div class=\"elementor-element elementor-element-52cce23 e-grid e-con-boxed e-con e-parent\" data-id=\"52cce23\" data-element_type=\"container\" data-settings=\"{&quot;jet_parallax_layout_list&quot;:[]}\">\n\t\t\t\t\t<div class=\"e-con-inner\">\n\t\t\t\t<div class=\"elementor-element elementor-element-1cd94d8 elementor-hidden-tablet elementor-hidden-mobile elementor-widget elementor-widget-text-editor\" data-id=\"1cd94d8\" data-element_type=\"widget\" data-widget_type=\"text-editor.default\">\n\t\t\t\t<div class=\"elementor-widget-container\">\n\t\t\t\t\t\t\t\t\t<p style=\"caret-color: #000000; color: #000000;\" data-pm-slice=\"1 1 []\">Wir laden Sie ein zu einem Besuch unserer <strong>Musterhaus<\/strong>. Dies ist eine einzigartige Gelegenheit, um <strong>erleben Sie aus erster Hand die Bauqualit\u00e4t, die Funktionalit\u00e4t und die modernen L\u00f6sungen, die unsere modularen H\u00e4user auszeichnen.<\/strong> Lassen Sie sich inspirieren<strong> Komfort, \u00c4sthetik und Zukunftstechnologie!<\/strong><\/p><p style=\"caret-color: #000000; color: #000000;\" data-pm-slice=\"1 1 []\"><strong>Unser Musterhaus ist mehr als ein Geb\u00e4ude - es ist ein Erlebnis.<\/strong> Sie wollen sehen, wie es aussieht <strong>modernes modulares Haus<\/strong>? Pr\u00fcfen Sie die Qualit\u00e4t der Materialien, f\u00fchlen Sie den Raum und sehen Sie, wie er aussehen kann <strong>Ihr zuk\u00fcnftiges Zuhause.<\/strong><\/p><p style=\"caret-color: #000000; color: #000000;\">In unserem Pr\u00e4sentationszentrum k\u00f6nnen Sie auch sehen<span class=\"Apple-converted-space\">\u00a0<\/span><strong>Dachst\u00fchle<\/strong><span class=\"Apple-converted-space\">\u00a0<\/span>unsere Produktion. Dank <strong>moderne Technik und Pr\u00e4zision<\/strong>Unsere Traversen bieten Haltbarkeit und <strong>strukturelle Sicherheit<\/strong>. Kommen Sie und finden Sie heraus, wie <strong>innovative L\u00f6sungen k\u00f6nnen den Bau Ihres Hauses erleichtern!<\/strong><\/p>\t\t\t\t\t\t\t\t<\/div>\n\t\t\t\t<\/div>\n\t\t\t\t<div class=\"elementor-element elementor-element-4260510 elementor-hidden-widescreen elementor-hidden-desktop elementor-hidden-laptop elementor-widget elementor-widget-text-editor\" data-id=\"4260510\" data-element_type=\"widget\" data-widget_type=\"text-editor.default\">\n\t\t\t\t<div class=\"elementor-widget-container\">\n\t\t\t\t\t\t\t\t\t<p style=\"caret-color: #000000; color: #000000;\" data-pm-slice=\"1 1 []\">Wir laden Sie ein zu einem Besuch unserer <strong>Musterhaus<\/strong>. Dies ist eine einzigartige Gelegenheit, um <strong>erleben Sie aus erster Hand die Bauqualit\u00e4t, die Funktionalit\u00e4t und die modernen L\u00f6sungen, die unsere modularen H\u00e4user auszeichnen.<\/strong> Lassen Sie sich inspirieren<strong> Komfort, \u00c4sthetik und Zukunftstechnologie!<\/strong><\/p>\t\t\t\t\t\t\t\t<\/div>\n\t\t\t\t<\/div>\n\t\t\t\t<div class=\"elementor-element elementor-element-fdfd550 elementor-widget elementor-widget-video\" data-id=\"fdfd550\" data-element_type=\"widget\" data-settings=\"{&quot;youtube_url&quot;:&quot;https:\\\/\\\/www.youtube.com\\\/watch?v=uRSeEvOyvJs&amp;t=60s&quot;,&quot;video_type&quot;:&quot;youtube&quot;,&quot;controls&quot;:&quot;yes&quot;}\" data-widget_type=\"video.default\">\n\t\t\t\t<div class=\"elementor-widget-container\">\n\t\t\t\t\t\t\t<div class=\"elementor-wrapper elementor-open-inline\">\n\t\t\t<div class=\"elementor-video\"><\/div>\t\t<\/div>\n\t\t\t\t\t\t<\/div>\n\t\t\t\t<\/div>\n\t\t\t\t\t<\/div>\n\t\t\t\t<\/div>\n\t\t<div class=\"elementor-element elementor-element-cc94286 e-flex e-con-boxed e-con e-parent\" data-id=\"cc94286\" data-element_type=\"container\" data-settings=\"{&quot;jet_parallax_layout_list&quot;:[]}\">\n\t\t\t\t\t<div class=\"e-con-inner\">\n\t\t\t\t<div class=\"elementor-element elementor-element-68a3eda elementor-widget elementor-widget-heading\" data-id=\"68a3eda\" data-element_type=\"widget\" data-widget_type=\"heading.default\">\n\t\t\t\t<div class=\"elementor-widget-container\">\n\t\t\t\t\t<h4 class=\"elementor-heading-title elementor-size-default\">Aufgrund des gro\u00dfen Interesses bitten wir Sie, Ihren Termin im Voraus online zu buchen (sofortige Best\u00e4tigung).<\/h4>\t\t\t\t<\/div>\n\t\t\t\t<\/div>\n\t\t\t\t<div class=\"elementor-element elementor-element-f742da7 elementor-widget elementor-widget-html\" data-id=\"f742da7\" data-element_type=\"widget\" data-widget_type=\"html.default\">\n\t\t\t\t<div class=\"elementor-widget-container\">\n\t\t\t\t\t<!--\nPlugin Name: Bookly - Responsive WordPress Appointment Booking and Scheduling Plugin\nPlugin URI: https:\/\/www.booking-wp-plugin.com\/?utm_source=bookly_admin&utm_medium=plugins_page&utm_campaign=plugins_page\nVersion: 26.4-->\n<style type=\"text\/css\">\n    :root {\n        --bookly-main-color: #af0101 !important;\n        --bookly-color: #af0101 !important;\n    }\n\n    <\/style><div class=\"bookly-css-root\">\n    <div id=\"bookly-form-69e170f09b6cd\" class=\"bookly-form\" data-form_id=\"69e170f09b6cd\" aria-live=\"polite\">\n        <div style=\"text-align: center\"><img decoding=\"async\" src=\"https:\/\/wascovilla.pl\/wp-includes\/js\/tinymce\/skins\/lightgray\/img\/loader.gif\" alt=\"Wird geladen ...\"\/><\/div>\n    <\/div>\n<\/div>\n    <div class=\"powered-by-bookly\">Betrieben von        <a href=\"https:\/\/www.booking-wp-plugin.com\/?utm_source=referral&utm_medium=booking_widget\" target=\"_blank\">Bookly<\/a> -\n        <a href=\"https:\/\/www.booking-wp-plugin.com\/?utm_source=referral&utm_medium=booking_widget\" target=\"_blank\">WordPress Buchungs-Plugin<\/a>\n    <\/div>\n<script type=\"text\/javascript\">\n    (function (win, fn) {\n        var done = false, top = true,\n            doc = win.document,\n            root = doc.documentElement,\n            modern = doc.addEventListener,\n            add = modern ? 'addEventListener' : 'attachEvent',\n            rem = modern ? 'removeEventListener' : 'detachEvent',\n            pre = modern ? '' : 'on',\n            init = function (e) {\n                if (e.type == 'readystatechange') if (doc.readyState != 'complete') return;\n                (e.type == 'load' ? win : doc)[rem](pre + e.type, init, false);\n                if (!done) {\n                    done = true;\n                    fn.call(win, e.type || e);\n                }\n            },\n            poll = function () {\n                try {\n                    root.doScroll('left');\n                } catch (e) {\n                    setTimeout(poll, 50);\n                    return;\n                }\n                init('poll');\n            };\n        if (doc.readyState == 'complete') fn.call(win, 'lazy');\n        else {\n            if (!modern) if (root.doScroll) {\n                try {\n                    top = !win.frameElement;\n                } catch (e) {\n                }\n                if (top) poll();\n            }\n            doc[add](pre + 'DOMContentLoaded', init, false);\n            doc[add](pre + 'readystatechange', init, false);\n            win[add](pre + 'load', init, false);\n        }\n    })(window, function () {\n        window.bookly( {\"form_id\":\"69e170f09b6cd\",\"status\":{\"booking\":\"new\"},\"skip_steps\":{\"service_part1\":0,\"service_part2\":0,\"extras\":1,\"time\":0,\"repeat\":1,\"cart\":1},\"errors\":{\"session_error\":\"Session-Fehler.\",\"form_id_error\":\"Formular-ID Fehler.\",\"cart_item_not_available\":\"Wybrany czas nie jest ju\\u017c dost\\u0119pny. Spr\\u00f3buj dokona\\u0107 rezerwacji w innym terminie.\",\"pay_locally_not_available\":\"Vor Ort zahlen ist nicht verf\\u00fcgbar.\",\"invalid_gateway\":\"Ung\\u00fcltiger Zugang.\",\"payment_error\":\"Fehler.\",\"incorrect_username_password\":\"Der Benutzername oder das Passwort ist falsch.\"},\"form_attributes\":{\"hide_categories\":false,\"hide_services\":false,\"hide_staff_members\":false,\"show_number_of_persons\":false,\"hide_service_duration\":true,\"hide_locations\":true,\"hide_quantity\":true,\"hide_date\":false,\"hide_week_days\":false,\"hide_time_range\":false},\"use_client_time_zone\":0,\"defaults\":{\"service_id\":0,\"staff_id\":0,\"location_id\":0,\"category_id\":0},\"datepicker_mode\":\"text-accent\",\"facebook\":{\"enabled\":0,\"appId\":\"\"}} );\n    });\n<\/script>\t\t\t\t<\/div>\n\t\t\t\t<\/div>\n\t\t\t\t<div class=\"elementor-element elementor-element-e3e990d elementor-hidden-widescreen elementor-hidden-desktop elementor-hidden-laptop elementor-widget elementor-widget-text-editor\" data-id=\"e3e990d\" data-element_type=\"widget\" data-widget_type=\"text-editor.default\">\n\t\t\t\t<div class=\"elementor-widget-container\">\n\t\t\t\t\t\t\t\t\t<p style=\"caret-color: #000000; color: #000000;\" data-pm-slice=\"1 1 []\"><strong>Unser Musterhaus ist mehr als ein Geb\u00e4ude - es ist ein Erlebnis.<\/strong> Sie wollen sehen, wie es aussieht <strong>modernes modulares Haus<\/strong>? Pr\u00fcfen Sie die Qualit\u00e4t der Materialien, f\u00fchlen Sie den Raum und sehen Sie, wie er aussehen kann <strong>Ihr zuk\u00fcnftiges Zuhause.<\/strong><\/p><p style=\"caret-color: #000000; color: #000000;\">In unserem Pr\u00e4sentationszentrum k\u00f6nnen Sie auch sehen<span class=\"Apple-converted-space\">\u00a0<\/span><strong>Dachst\u00fchle<\/strong><span class=\"Apple-converted-space\">\u00a0<\/span>unsere Produktion. Dank <strong>moderne Technik und Pr\u00e4zision<\/strong>Unsere Traversen bieten Haltbarkeit und <strong>strukturelle Sicherheit<\/strong>. Kommen Sie und finden Sie heraus, wie <strong>innovative L\u00f6sungen k\u00f6nnen den Bau Ihres Hauses erleichtern!<\/strong><\/p>\t\t\t\t\t\t\t\t<\/div>\n\t\t\t\t<\/div>\n\t\t\t\t\t<\/div>\n\t\t\t\t<\/div>\n\t\t<div class=\"elementor-element elementor-element-65db267 e-flex e-con-boxed e-con e-parent\" data-id=\"65db267\" data-element_type=\"container\" data-settings=\"{&quot;jet_parallax_layout_list&quot;:[]}\">\n\t\t\t\t\t<div class=\"e-con-inner\">\n\t\t\t\t<div class=\"elementor-element elementor-element-0726159 elementor-widget elementor-widget-heading\" data-id=\"0726159\" data-element_type=\"widget\" data-widget_type=\"heading.default\">\n\t\t\t\t<div class=\"elementor-widget-container\">\n\t\t\t\t\t<h4 class=\"elementor-heading-title elementor-size-default\">WARUM SOLLTE MAN DAS WASCOVILLA-MUSTERHAUS BESUCHEN?<\/h4>\t\t\t\t<\/div>\n\t\t\t\t<\/div>\n\t\t\t\t<div class=\"elementor-element elementor-element-10517ee elementor-widget elementor-widget-text-editor\" data-id=\"10517ee\" data-element_type=\"widget\" data-widget_type=\"text-editor.default\">\n\t\t\t\t<div class=\"elementor-widget-container\">\n\t\t\t\t\t\t\t\t\t<p data-pm-slice=\"1 1 []\">\u2705 <strong>Sehen Sie, wie das Haus in natura aussieht<\/strong> - Platz, Raumaufteilung und Bauqualit\u00e4t.<br \/>\u2705 <strong>F\u00fchlen Sie sich wohl in Ihrer eigenen Haut<\/strong> - Finden Sie heraus, wie moderne Technologie den Komfort Ihres Hauses beeinflusst.<br \/>\u2705 <strong>Ansicht unserer Dachst\u00fchle<\/strong> - Finden Sie heraus, wie robuste und pr\u00e4zise L\u00f6sungen die Konstruktion Ihres Hauses verbessern k\u00f6nnen.<br \/>\u2705 <strong>Konsultieren Sie unsere Experten<\/strong> - Wir beantworten gerne Ihre Fragen und helfen Ihnen bei der Auswahl der besten L\u00f6sung.<\/p><p>M\u00f6chten Sie in einem Haus wohnen, das Modernit\u00e4t, \u00d6kologie und Komfort vereint? Beginnen Sie mit einem Besuch in unserem Musterhaus!<\/p>\t\t\t\t\t\t\t\t<\/div>\n\t\t\t\t<\/div>\n\t\t\t\t\t<\/div>\n\t\t\t\t<\/div>\n\t\t<div class=\"elementor-element elementor-element-6c8c7a4 e-flex e-con-boxed e-con e-parent\" data-id=\"6c8c7a4\" data-element_type=\"container\" data-settings=\"{&quot;jet_parallax_layout_list&quot;:[]}\">\n\t\t\t\t\t<div class=\"e-con-inner\">\n\t\t\t\t\t<\/div>\n\t\t\t\t<\/div>\n\t\t\t\t<\/div>","protected":false},"excerpt":{"rendered":"<p>FUTURE TECHNOLOGY Wir laden Sie ein, unser Musterhaus zu besuchen. Dies ist eine einmalige Gelegenheit, sich aus erster Hand von der Bauqualit\u00e4t, der Funktionalit\u00e4t und den modernen L\u00f6sungen zu \u00fcberzeugen, die unsere modularen H\u00e4user auszeichnen. Lassen Sie sich von dem Komfort, der \u00c4sthetik und der Technologie der Zukunft inspirieren! Unser Musterhaus ist mehr als nur ein Geb\u00e4ude - es ist ein Erlebnis. M\u00f6chten Sie sehen, wie ein modernes modulares Haus aussieht? \u00dcberzeugen Sie sich von der Qualit\u00e4t der Materialien, f\u00fchlen Sie den Raum [...]<\/p>","protected":false},"author":4,"featured_media":0,"parent":0,"menu_order":0,"comment_status":"closed","ping_status":"closed","template":"","meta":{"_acf_changed":false,"footnotes":""},"class_list":["post-4128","page","type-page","status-publish","hentry"],"acf":[],"yoast_head":"<!-- This site is optimized with the Yoast SEO plugin v26.7 - https:\/\/yoast.com\/wordpress\/plugins\/seo\/ -->\n<title>Dom Prezentacyjny - WascoVilla | Producent dom\u00f3w z drewna | Domy mieszkalne, nowoczesne, modu\u0142owe, domki letniskowe, wi\u0105zary dachowe, izolacje<\/title>\n<meta name=\"robots\" content=\"index, follow, max-snippet:-1, max-image-preview:large, max-video-preview:-1\" \/>\n<link rel=\"canonical\" href=\"https:\/\/wascovilla.pl\/de\/prasentationshaus\/\" \/>\n<meta property=\"og:locale\" content=\"de_DE\" \/>\n<meta property=\"og:type\" content=\"article\" \/>\n<meta property=\"og:title\" content=\"Dom Prezentacyjny - WascoVilla | Producent dom\u00f3w z drewna | Domy mieszkalne, nowoczesne, modu\u0142owe, domki letniskowe, wi\u0105zary dachowe, izolacje\" \/>\n<meta property=\"og:description\" content=\"TECHNOLOGIA PRZYSZ\u0141O\u015aCI Zapraszamy do odwiedzenia naszego domu pokazowego. To niepowtarzalna okazja, by z bliska pozna\u0107 jako\u015b\u0107 wykonania, funkcjonalno\u015b\u0107 i nowoczesne rozwi\u0105zania, kt\u00f3re wyr\u00f3\u017cniaj\u0105 nasze domy modu\u0142owe. Zainspiruj si\u0119 komfortem, estetyk\u0105 i technologi\u0105 przysz\u0142o\u015bci! Nasz dom pokazowy to wi\u0119cej ni\u017c budynek \u2013 to do\u015bwiadczenie. Chcesz zobaczy\u0107, jak wygl\u0105da nowoczesny dom modu\u0142owy? Sprawd\u017a jako\u015b\u0107 materia\u0142\u00f3w, poczuj przestrze\u0144 [&hellip;]\" \/>\n<meta property=\"og:url\" content=\"https:\/\/wascovilla.pl\/de\/prasentationshaus\/\" \/>\n<meta property=\"og:site_name\" content=\"WascoVilla | Producent dom\u00f3w z drewna | Domy mieszkalne, nowoczesne, modu\u0142owe, domki letniskowe, wi\u0105zary dachowe, izolacje\" \/>\n<meta property=\"article:modified_time\" content=\"2025-04-01T07:26:27+00:00\" \/>\n<meta name=\"twitter:card\" content=\"summary_large_image\" \/>\n<meta name=\"twitter:label1\" content=\"Gesch\u00e4tzte Lesezeit\" \/>\n\t<meta name=\"twitter:data1\" content=\"2\u00a0Minuten\" \/>\n<script type=\"application\/ld+json\" class=\"yoast-schema-graph\">{\"@context\":\"https:\/\/schema.org\",\"@graph\":[{\"@type\":\"WebPage\",\"@id\":\"https:\/\/wascovilla.pl\/dom-prezentacyjny\/\",\"url\":\"https:\/\/wascovilla.pl\/dom-prezentacyjny\/\",\"name\":\"Dom Prezentacyjny - WascoVilla | Producent dom\u00f3w z drewna | Domy mieszkalne, nowoczesne, modu\u0142owe, domki letniskowe, wi\u0105zary dachowe, izolacje\",\"isPartOf\":{\"@id\":\"https:\/\/wascovilla.pl\/#website\"},\"datePublished\":\"2025-03-16T10:04:59+00:00\",\"dateModified\":\"2025-04-01T07:26:27+00:00\",\"breadcrumb\":{\"@id\":\"https:\/\/wascovilla.pl\/dom-prezentacyjny\/#breadcrumb\"},\"inLanguage\":\"de\",\"potentialAction\":[{\"@type\":\"ReadAction\",\"target\":[\"https:\/\/wascovilla.pl\/dom-prezentacyjny\/\"]}]},{\"@type\":\"BreadcrumbList\",\"@id\":\"https:\/\/wascovilla.pl\/dom-prezentacyjny\/#breadcrumb\",\"itemListElement\":[{\"@type\":\"ListItem\",\"position\":1,\"name\":\"Strona g\u0142\u00f3wna\",\"item\":\"https:\/\/wascovilla.pl\/\"},{\"@type\":\"ListItem\",\"position\":2,\"name\":\"Dom Prezentacyjny\"}]},{\"@type\":\"WebSite\",\"@id\":\"https:\/\/wascovilla.pl\/#website\",\"url\":\"https:\/\/wascovilla.pl\/\",\"name\":\"WascoVilla | Producent dom\u00f3w z drewna | Domy mieszkalne, nowoczesne, modu\u0142owe, domki letniskowe, wi\u0105zary dachowe, izolacje\",\"description\":\"\",\"publisher\":{\"@id\":\"https:\/\/wascovilla.pl\/#organization\"},\"potentialAction\":[{\"@type\":\"SearchAction\",\"target\":{\"@type\":\"EntryPoint\",\"urlTemplate\":\"https:\/\/wascovilla.pl\/?s={search_term_string}\"},\"query-input\":{\"@type\":\"PropertyValueSpecification\",\"valueRequired\":true,\"valueName\":\"search_term_string\"}}],\"inLanguage\":\"de\"},{\"@type\":\"Organization\",\"@id\":\"https:\/\/wascovilla.pl\/#organization\",\"name\":\"WascoVilla | Producent dom\u00f3w z drewna | Domy mieszkalne, nowoczesne, modu\u0142owe, domki letniskowe, wi\u0105zary dachowe, izolacje\",\"url\":\"https:\/\/wascovilla.pl\/\",\"logo\":{\"@type\":\"ImageObject\",\"inLanguage\":\"de\",\"@id\":\"https:\/\/wascovilla.pl\/#\/schema\/logo\/image\/\",\"url\":\"https:\/\/wascovilla.pl\/wp-content\/uploads\/2024\/06\/logo.jpg\",\"contentUrl\":\"https:\/\/wascovilla.pl\/wp-content\/uploads\/2024\/06\/logo.jpg\",\"width\":282,\"height\":119,\"caption\":\"WascoVilla | Producent dom\u00f3w z drewna | Domy mieszkalne, nowoczesne, modu\u0142owe, domki letniskowe, wi\u0105zary dachowe, izolacje\"},\"image\":{\"@id\":\"https:\/\/wascovilla.pl\/#\/schema\/logo\/image\/\"}}]}<\/script>\n<!-- \/ Yoast SEO plugin. -->","yoast_head_json":{"title":"Pr\u00e4sentation Haus - WascoVilla | Hersteller von Holzh\u00e4usern | Wohnh\u00e4user, Modern, Modular, Ferienh\u00e4user, Dachst\u00fchle, Isolation","robots":{"index":"index","follow":"follow","max-snippet":"max-snippet:-1","max-image-preview":"max-image-preview:large","max-video-preview":"max-video-preview:-1"},"canonical":"https:\/\/wascovilla.pl\/de\/prasentationshaus\/","og_locale":"de_DE","og_type":"article","og_title":"Dom Prezentacyjny - WascoVilla | Producent dom\u00f3w z drewna | Domy mieszkalne, nowoczesne, modu\u0142owe, domki letniskowe, wi\u0105zary dachowe, izolacje","og_description":"TECHNOLOGIA PRZYSZ\u0141O\u015aCI Zapraszamy do odwiedzenia naszego domu pokazowego. To niepowtarzalna okazja, by z bliska pozna\u0107 jako\u015b\u0107 wykonania, funkcjonalno\u015b\u0107 i nowoczesne rozwi\u0105zania, kt\u00f3re wyr\u00f3\u017cniaj\u0105 nasze domy modu\u0142owe. Zainspiruj si\u0119 komfortem, estetyk\u0105 i technologi\u0105 przysz\u0142o\u015bci! Nasz dom pokazowy to wi\u0119cej ni\u017c budynek \u2013 to do\u015bwiadczenie. Chcesz zobaczy\u0107, jak wygl\u0105da nowoczesny dom modu\u0142owy? Sprawd\u017a jako\u015b\u0107 materia\u0142\u00f3w, poczuj przestrze\u0144 [&hellip;]","og_url":"https:\/\/wascovilla.pl\/de\/prasentationshaus\/","og_site_name":"WascoVilla | Producent dom\u00f3w z drewna | Domy mieszkalne, nowoczesne, modu\u0142owe, domki letniskowe, wi\u0105zary dachowe, izolacje","article_modified_time":"2025-04-01T07:26:27+00:00","twitter_card":"summary_large_image","twitter_misc":{"Gesch\u00e4tzte Lesezeit":"2\u00a0Minuten"},"schema":{"@context":"https:\/\/schema.org","@graph":[{"@type":"WebPage","@id":"https:\/\/wascovilla.pl\/dom-prezentacyjny\/","url":"https:\/\/wascovilla.pl\/dom-prezentacyjny\/","name":"Pr\u00e4sentation Haus - WascoVilla | Hersteller von Holzh\u00e4usern | Wohnh\u00e4user, Modern, Modular, Ferienh\u00e4user, Dachst\u00fchle, Isolation","isPartOf":{"@id":"https:\/\/wascovilla.pl\/#website"},"datePublished":"2025-03-16T10:04:59+00:00","dateModified":"2025-04-01T07:26:27+00:00","breadcrumb":{"@id":"https:\/\/wascovilla.pl\/dom-prezentacyjny\/#breadcrumb"},"inLanguage":"de","potentialAction":[{"@type":"ReadAction","target":["https:\/\/wascovilla.pl\/dom-prezentacyjny\/"]}]},{"@type":"BreadcrumbList","@id":"https:\/\/wascovilla.pl\/dom-prezentacyjny\/#breadcrumb","itemListElement":[{"@type":"ListItem","position":1,"name":"Strona g\u0142\u00f3wna","item":"https:\/\/wascovilla.pl\/"},{"@type":"ListItem","position":2,"name":"Dom Prezentacyjny"}]},{"@type":"WebSite","@id":"https:\/\/wascovilla.pl\/#website","url":"https:\/\/wascovilla.pl\/","name":"WascoVilla | Hersteller von Holzh\u00e4usern | Wohnh\u00e4user, moderne, modulare, Ferienh\u00e4user, Dachst\u00fchle, Isolierung","description":"","publisher":{"@id":"https:\/\/wascovilla.pl\/#organization"},"potentialAction":[{"@type":"SearchAction","target":{"@type":"EntryPoint","urlTemplate":"https:\/\/wascovilla.pl\/?s={search_term_string}"},"query-input":{"@type":"PropertyValueSpecification","valueRequired":true,"valueName":"search_term_string"}}],"inLanguage":"de"},{"@type":"Organization","@id":"https:\/\/wascovilla.pl\/#organization","name":"WascoVilla | Hersteller von Holzh\u00e4usern | Wohnh\u00e4user, moderne, modulare, Ferienh\u00e4user, Dachst\u00fchle, Isolierung","url":"https:\/\/wascovilla.pl\/","logo":{"@type":"ImageObject","inLanguage":"de","@id":"https:\/\/wascovilla.pl\/#\/schema\/logo\/image\/","url":"https:\/\/wascovilla.pl\/wp-content\/uploads\/2024\/06\/logo.jpg","contentUrl":"https:\/\/wascovilla.pl\/wp-content\/uploads\/2024\/06\/logo.jpg","width":282,"height":119,"caption":"WascoVilla | Producent dom\u00f3w z drewna | Domy mieszkalne, nowoczesne, modu\u0142owe, domki letniskowe, wi\u0105zary dachowe, izolacje"},"image":{"@id":"https:\/\/wascovilla.pl\/#\/schema\/logo\/image\/"}}]}},"_links":{"self":[{"href":"https:\/\/wascovilla.pl\/de\/wp-json\/wp\/v2\/pages\/4128","targetHints":{"allow":["GET"]}}],"collection":[{"href":"https:\/\/wascovilla.pl\/de\/wp-json\/wp\/v2\/pages"}],"about":[{"href":"https:\/\/wascovilla.pl\/de\/wp-json\/wp\/v2\/types\/page"}],"author":[{"embeddable":true,"href":"https:\/\/wascovilla.pl\/de\/wp-json\/wp\/v2\/users\/4"}],"replies":[{"embeddable":true,"href":"https:\/\/wascovilla.pl\/de\/wp-json\/wp\/v2\/comments?post=4128"}],"version-history":[{"count":47,"href":"https:\/\/wascovilla.pl\/de\/wp-json\/wp\/v2\/pages\/4128\/revisions"}],"predecessor-version":[{"id":4315,"href":"https:\/\/wascovilla.pl\/de\/wp-json\/wp\/v2\/pages\/4128\/revisions\/4315"}],"wp:attachment":[{"href":"https:\/\/wascovilla.pl\/de\/wp-json\/wp\/v2\/media?parent=4128"}],"curies":[{"name":"wp","href":"https:\/\/api.w.org\/{rel}","templated":true}]}}